{"id":2020,"date":"2023-12-20T21:38:44","date_gmt":"2023-12-20T21:38:44","guid":{"rendered":"https:\/\/www.soccerfem.co\/lp-term-conditions\/"},"modified":"2024-02-22T16:10:11","modified_gmt":"2024-02-22T16:10:11","slug":"lp-term-conditions","status":"publish","type":"page","link":"https:\/\/www.soccerfem.co\/en\/lp-term-conditions\/","title":{"rendered":"T\u00e9rminos y Condiciones"},"content":{"rendered":"<p id=\"yui_3_18_1_1_1708614802035_25\"><strong>POR FAVOR LEER CON ATENCI\u00d3N ANTES DE ADQUIRIR CUALQUIER CURSO DE FORMACI\u00d3N O ACCEDER O DESCARGARSE CUALQUIER MATERIAL DE FORMACI\u00d3N DE ESTA P\u00c1GINA WEB.<\/strong><\/p>\n\n\n\n<p id=\"yui_3_18_1_1_1708614802035_27\"><strong>Aceptaci\u00f3n de t\u00e9rminos y condiciones de uso.&nbsp;<\/strong><\/p>\n\n\n\n<p>La aceptaci\u00f3n de los presentes <strong>T\u00e9rminos\u00a0y<\/strong>\u00a0<strong>Condiciones<\/strong> es obligatoria e imprescindible para la compra del\u00a0<strong>Curso<\/strong>. Por tanto, tal aceptaci\u00f3n habr\u00e1 de producirse en el momento de registro del usuario en el\u00a0<strong>Curso<\/strong>.\u00a0<\/p>\n\n\n\n<p><strong>Tratamiento de datos<\/strong><\/p>\n\n\n\n<p>La informaci\u00f3n personal brindada por los usuarios nos permite prestar un mejor servicio y nunca ser\u00e1 vendida, transferida, intercambiada, compartida o entregada a otra empresa, compa\u00f1\u00eda, persona o instituci\u00f3n <strong>por ninguna motivo<\/strong> sin consentimiento expl\u00edcito de los estudiantes. Las direcciones de correo electr\u00f3nico suministradas por los estudiantes ser\u00e1n utilizadas exclusivamente por la mensajer\u00eda autom\u00e1tica de nuestra plataforma para enviarte mensajer\u00eda correspondiente a tu compra y notificaciones relacionadas con la formaci\u00f3n virtual, como envi\u00f3 de recordatorios, certificados, etc.<\/p>\n\n\n\n<p>Al aceptar los <strong>t\u00e9rminos y condiciones<\/strong> el inscrito asume la responsabilidad de introducir informaci\u00f3n veraz y actual durante la inscripci\u00f3n, en caso de detectar datos falsos o inexactos, el registro de un perfil con el nombre de otra persona o cualquier otra modalidad de suplantaci\u00f3n de identidad, la direcci\u00f3n se reserva el derecho de prohibir el acceso al sitio web (soccerfem.co) y las redes sociales del torneo internacional femenino.<\/p>\n\n\n\n<p id=\"yui_3_18_1_1_1708614802035_21\"><strong>Derechos de Autor<\/strong><\/p>\n\n\n\n<p id=\"yui_3_18_1_1_1708614802035_21\">Todo el contenido de los cursos, incluido texto, gr\u00e1ficos, presentaciones, logos, \u00edconos, im\u00e1genes, clips de audio y video y descargas digitales son propiedad intelectual del autor del material y\/o de la Direcci\u00f3n del curso. La entrega del material del curso no implica una cesi\u00f3n de derechos de autor sino su puesta a disposici\u00f3n para el aprendizaje.<\/p>\n\n\n\n<p><strong>Realizaci\u00f3n del curso<\/strong><\/p>\n\n\n\n<p>El curso debe ser realizado por y solo por la persona que realiz\u00f3 la inscripci\u00f3n, en ning\u00fan caso deber\u00e1 ser ayudado por un tercero ni como un grupo, de igual modo el certificado por completar el curso ser\u00e1 realizado sin excepci\u00f3n a nombre de la persona inscrita.<\/p>\n\n\n\n<p>Los t\u00e9rminos de uso expuestos son v\u00e1lidos para personas particulares y empresas que contraten un curso online en nuestra plataforma. <br>La direcci\u00f3n del Torneo Internacional Femenino se reserva el derecho de deshabilitar el acceso a los usuarios que no respeten los t\u00e9rminos mencionados.<\/p>","protected":false},"excerpt":{"rendered":"<p>POR FAVOR LEER CON ATENCI\u00d3N ANTES DE ADQUIRIR CUALQUIER CURSO DE FORMACI\u00d3N O ACCEDER O DESCARGARSE CUALQUIER MATERIAL DE FORMACI\u00d3N&#8230;<\/p>","protected":false},"author":6,"featured_media":0,"parent":0,"menu_order":0,"comment_status":"closed","ping_status":"closed","template":"","meta":{"_coblocks_attr":"","_coblocks_dimensions":"","_coblocks_responsive_height":"","_coblocks_accordion_ie_support":"","_kadence_starter_templates_imported_post":false,"_kad_post_transparent":"","_kad_post_title":"","_kad_post_layout":"","_kad_post_sidebar_id":"","_kad_post_content_style":"","_kad_post_vertical_padding":"","_kad_post_feature":"","_kad_post_feature_position":"","_kad_post_header":false,"_kad_post_footer":false,"_kad_post_classname":"","footnotes":""},"class_list":["post-2020","page","type-page","status-publish","hentry"],"yoast_head":"<!-- This site is optimized with the Yoast SEO plugin v27.5 - https:\/\/yoast.com\/product\/yoast-seo-wordpress\/ -->\n<title>T\u00e9rminos y Condiciones - Soccer Fem<\/title>\n<meta name=\"robots\" content=\"index, follow, max-snippet:-1, max-image-preview:large, max-video-preview:-1\" \/>\n<link rel=\"canonical\" href=\"https:\/\/www.soccerfem.co\/en\/lp-term-conditions\/\" \/>\n<meta property=\"og:locale\" content=\"en_US\" \/>\n<meta property=\"og:type\" content=\"article\" \/>\n<meta property=\"og:title\" content=\"T\u00e9rminos y Condiciones - Soccer Fem\" \/>\n<meta property=\"og:description\" content=\"POR FAVOR LEER CON ATENCI\u00d3N ANTES DE ADQUIRIR CUALQUIER CURSO DE FORMACI\u00d3N O ACCEDER O DESCARGARSE CUALQUIER MATERIAL DE FORMACI\u00d3N...\" \/>\n<meta property=\"og:url\" content=\"https:\/\/www.soccerfem.co\/en\/lp-term-conditions\/\" \/>\n<meta property=\"og:site_name\" content=\"Soccer Fem\" \/>\n<meta property=\"article:publisher\" content=\"https:\/\/www.facebook.com\/Torneofemeninointernacional\/\" \/>\n<meta property=\"article:modified_time\" content=\"2024-02-22T16:10:11+00:00\" \/>\n<meta name=\"twitter:card\" content=\"summary_large_image\" \/>\n<meta name=\"twitter:label1\" content=\"Est. reading time\" \/>\n\t<meta name=\"twitter:data1\" content=\"2 minutes\" \/>\n<script type=\"application\/ld+json\" class=\"yoast-schema-graph\">{\"@context\":\"https:\\\/\\\/schema.org\",\"@graph\":[{\"@type\":\"WebPage\",\"@id\":\"https:\\\/\\\/www.soccerfem.co\\\/lp-term-conditions\\\/\",\"url\":\"https:\\\/\\\/www.soccerfem.co\\\/lp-term-conditions\\\/\",\"name\":\"T\u00e9rminos y Condiciones - Soccer Fem\",\"isPartOf\":{\"@id\":\"https:\\\/\\\/www.soccerfem.co\\\/#website\"},\"datePublished\":\"2023-12-20T21:38:44+00:00\",\"dateModified\":\"2024-02-22T16:10:11+00:00\",\"breadcrumb\":{\"@id\":\"https:\\\/\\\/www.soccerfem.co\\\/lp-term-conditions\\\/#breadcrumb\"},\"inLanguage\":\"en-US\",\"potentialAction\":[{\"@type\":\"ReadAction\",\"target\":[\"https:\\\/\\\/www.soccerfem.co\\\/lp-term-conditions\\\/\"]}]},{\"@type\":\"BreadcrumbList\",\"@id\":\"https:\\\/\\\/www.soccerfem.co\\\/lp-term-conditions\\\/#breadcrumb\",\"itemListElement\":[{\"@type\":\"ListItem\",\"position\":1,\"name\":\"Home\",\"item\":\"https:\\\/\\\/www.soccerfem.co\\\/\"},{\"@type\":\"ListItem\",\"position\":2,\"name\":\"T\u00e9rminos y Condiciones\"}]},{\"@type\":\"WebSite\",\"@id\":\"https:\\\/\\\/www.soccerfem.co\\\/#website\",\"url\":\"https:\\\/\\\/www.soccerfem.co\\\/\",\"name\":\"Soccer Fem\",\"description\":\"Torneo Internacional Femenino\",\"publisher\":{\"@id\":\"https:\\\/\\\/www.soccerfem.co\\\/#organization\"},\"potentialAction\":[{\"@type\":\"SearchAction\",\"target\":{\"@type\":\"EntryPoint\",\"urlTemplate\":\"https:\\\/\\\/www.soccerfem.co\\\/?s={search_term_string}\"},\"query-input\":{\"@type\":\"PropertyValueSpecification\",\"valueRequired\":true,\"valueName\":\"search_term_string\"}}],\"inLanguage\":\"en-US\"},{\"@type\":\"Organization\",\"@id\":\"https:\\\/\\\/www.soccerfem.co\\\/#organization\",\"name\":\"SFU Colombia\",\"url\":\"https:\\\/\\\/www.soccerfem.co\\\/\",\"logo\":{\"@type\":\"ImageObject\",\"inLanguage\":\"en-US\",\"@id\":\"https:\\\/\\\/www.soccerfem.co\\\/#\\\/schema\\\/logo\\\/image\\\/\",\"url\":\"https:\\\/\\\/www.soccerfem.co\\\/wp-content\\\/uploads\\\/2022\\\/02\\\/SFU-Logo.png\",\"contentUrl\":\"https:\\\/\\\/www.soccerfem.co\\\/wp-content\\\/uploads\\\/2022\\\/02\\\/SFU-Logo.png\",\"width\":900,\"height\":900,\"caption\":\"SFU Colombia\"},\"image\":{\"@id\":\"https:\\\/\\\/www.soccerfem.co\\\/#\\\/schema\\\/logo\\\/image\\\/\"},\"sameAs\":[\"https:\\\/\\\/www.facebook.com\\\/Torneofemeninointernacional\\\/\",\"https:\\\/\\\/www.instagram.com\\\/torneointernacionalfemenino\\\/\"]}]}<\/script>\n<!-- \/ Yoast SEO plugin. -->","yoast_head_json":{"title":"T\u00e9rminos y Condiciones - Soccer Fem","robots":{"index":"index","follow":"follow","max-snippet":"max-snippet:-1","max-image-preview":"max-image-preview:large","max-video-preview":"max-video-preview:-1"},"canonical":"https:\/\/www.soccerfem.co\/en\/lp-term-conditions\/","og_locale":"en_US","og_type":"article","og_title":"T\u00e9rminos y Condiciones - Soccer Fem","og_description":"POR FAVOR LEER CON ATENCI\u00d3N ANTES DE ADQUIRIR CUALQUIER CURSO DE FORMACI\u00d3N O ACCEDER O DESCARGARSE CUALQUIER MATERIAL DE FORMACI\u00d3N...","og_url":"https:\/\/www.soccerfem.co\/en\/lp-term-conditions\/","og_site_name":"Soccer Fem","article_publisher":"https:\/\/www.facebook.com\/Torneofemeninointernacional\/","article_modified_time":"2024-02-22T16:10:11+00:00","twitter_card":"summary_large_image","twitter_misc":{"Est. reading time":"2 minutes"},"schema":{"@context":"https:\/\/schema.org","@graph":[{"@type":"WebPage","@id":"https:\/\/www.soccerfem.co\/lp-term-conditions\/","url":"https:\/\/www.soccerfem.co\/lp-term-conditions\/","name":"T\u00e9rminos y Condiciones - Soccer Fem","isPartOf":{"@id":"https:\/\/www.soccerfem.co\/#website"},"datePublished":"2023-12-20T21:38:44+00:00","dateModified":"2024-02-22T16:10:11+00:00","breadcrumb":{"@id":"https:\/\/www.soccerfem.co\/lp-term-conditions\/#breadcrumb"},"inLanguage":"en-US","potentialAction":[{"@type":"ReadAction","target":["https:\/\/www.soccerfem.co\/lp-term-conditions\/"]}]},{"@type":"BreadcrumbList","@id":"https:\/\/www.soccerfem.co\/lp-term-conditions\/#breadcrumb","itemListElement":[{"@type":"ListItem","position":1,"name":"Home","item":"https:\/\/www.soccerfem.co\/"},{"@type":"ListItem","position":2,"name":"T\u00e9rminos y Condiciones"}]},{"@type":"WebSite","@id":"https:\/\/www.soccerfem.co\/#website","url":"https:\/\/www.soccerfem.co\/","name":"Soccer Fem","description":"Feminine International Tournament","publisher":{"@id":"https:\/\/www.soccerfem.co\/#organization"},"potentialAction":[{"@type":"SearchAction","target":{"@type":"EntryPoint","urlTemplate":"https:\/\/www.soccerfem.co\/?s={search_term_string}"},"query-input":{"@type":"PropertyValueSpecification","valueRequired":true,"valueName":"search_term_string"}}],"inLanguage":"en-US"},{"@type":"Organization","@id":"https:\/\/www.soccerfem.co\/#organization","name":"SFU Colombia","url":"https:\/\/www.soccerfem.co\/","logo":{"@type":"ImageObject","inLanguage":"en-US","@id":"https:\/\/www.soccerfem.co\/#\/schema\/logo\/image\/","url":"https:\/\/www.soccerfem.co\/wp-content\/uploads\/2022\/02\/SFU-Logo.png","contentUrl":"https:\/\/www.soccerfem.co\/wp-content\/uploads\/2022\/02\/SFU-Logo.png","width":900,"height":900,"caption":"SFU Colombia"},"image":{"@id":"https:\/\/www.soccerfem.co\/#\/schema\/logo\/image\/"},"sameAs":["https:\/\/www.facebook.com\/Torneofemeninointernacional\/","https:\/\/www.instagram.com\/torneointernacionalfemenino\/"]}]}},"_links":{"self":[{"href":"https:\/\/www.soccerfem.co\/en\/wp-json\/wp\/v2\/pages\/2020","targetHints":{"allow":["GET"]}}],"collection":[{"href":"https:\/\/www.soccerfem.co\/en\/wp-json\/wp\/v2\/pages"}],"about":[{"href":"https:\/\/www.soccerfem.co\/en\/wp-json\/wp\/v2\/types\/page"}],"author":[{"embeddable":true,"href":"https:\/\/www.soccerfem.co\/en\/wp-json\/wp\/v2\/users\/6"}],"replies":[{"embeddable":true,"href":"https:\/\/www.soccerfem.co\/en\/wp-json\/wp\/v2\/comments?post=2020"}],"version-history":[{"count":3,"href":"https:\/\/www.soccerfem.co\/en\/wp-json\/wp\/v2\/pages\/2020\/revisions"}],"predecessor-version":[{"id":2084,"href":"https:\/\/www.soccerfem.co\/en\/wp-json\/wp\/v2\/pages\/2020\/revisions\/2084"}],"wp:attachment":[{"href":"https:\/\/www.soccerfem.co\/en\/wp-json\/wp\/v2\/media?parent=2020"}],"curies":[{"name":"wp","href":"https:\/\/api.w.org\/{rel}","templated":true}]}}